{"id":1203,"date":"2025-08-28T03:24:55","date_gmt":"2025-08-28T03:24:55","guid":{"rendered":"https:\/\/rebarcouplerpro.com\/?post_type=product&#038;p=1203"},"modified":"2025-09-28T04:03:49","modified_gmt":"2025-09-28T04:03:49","slug":"rebar-thread-rolling-machine","status":"publish","type":"product","link":"https:\/\/rebarcouplerpro.com\/ar\/rebar-thread-rolling-machine\/","title":{"rendered":"\u0645\u0627\u0643\u064a\u0646\u0629 \u062f\u0631\u0641\u0644\u0629 \u062e\u064a\u0648\u0637 \u062d\u062f\u064a\u062f \u0627\u0644\u062a\u0633\u0644\u064a\u062d HGS-50"},"content":{"rendered":"<h2><strong>\u0645\u0627\u0643\u064a\u0646\u0629 \u0644\u0641 \u0627\u0644\u062e\u064a\u0648\u0637 <\/strong>\u0627\u0644\u0648\u0638\u064a\u0641\u0629<\/h2>\n<p>\u062c\u0647\u0627\u0632 HGS-50 \u0627\u0644\u0643\u0647\u0631\u0628\u0627\u0626\u064a <strong>\u0645\u0627\u0643\u064a\u0646\u0629 \u0644\u0641 \u062e\u064a\u0648\u0637 \u062d\u062f\u064a\u062f \u0627\u0644\u062a\u0633\u0644\u064a\u062d<\/strong>\u00a0\u0647\u0648 \u062c\u0647\u0627\u0632 \u0623\u0633\u0627\u0633\u064a \u0645\u062a\u062e\u0635\u0635 \u064a\u064f\u0633\u062a\u062e\u062f\u0645 \u0641\u064a \u0647\u0646\u062f\u0633\u0629 \u0627\u0644\u0625\u0646\u0634\u0627\u0621\u0627\u062a \u0644\u0645\u0639\u0627\u0644\u062c\u0629 \u0627\u0644\u0623\u0637\u0631\u0627\u0641 \u0627\u0644\u0645\u0644\u0648\u0644\u0628\u0629 \u0627\u0644\u0645\u0633\u062a\u0642\u064a\u0645\u0629 \u0644\u0642\u0636\u0628\u0627\u0646 \u0627\u0644\u0635\u0644\u0628 \u0627\u0644\u0645\u0636\u0644\u0639\u0629\u060c \u0648\u064a\u0644\u0639\u0628 \u062f\u0648\u0631\u064b\u0627 \u0631\u0626\u064a\u0633\u064a\u064b\u0627 \u0641\u064a \u062a\u062d\u0642\u064a\u0642 \u0648\u0635\u0644\u0627\u062a \u062d\u062f\u064a\u062f \u0627\u0644\u062a\u0633\u0644\u064a\u062d \u0627\u0644\u0645\u0644\u0648\u0644\u0628\u0629. \u0648\u0647\u064a \u0645\u0646\u0627\u0633\u0628\u0629 \u0644\u062f\u0631\u062c\u0627\u062a \u0627\u0644\u0641\u0648\u0644\u0627\u0630 \u0645\u062b\u0644 HRB335 \u0648 HRB400\u060c \u0645\u0639 \u0646\u0637\u0627\u0642 \u0645\u0639\u0627\u0644\u062c\u0629 \u0642\u064a\u0627\u0633\u064a \u064a\u062a\u0631\u0627\u0648\u062d \u0642\u0637\u0631\u0647 \u0628\u064a\u0646 \u03a616-40 \u0645\u0645. \u064a\u0645\u0643\u0646 \u062a\u0645\u062f\u064a\u062f \u0628\u0639\u0636 \u0627\u0644\u0645\u0648\u062f\u064a\u0644\u0627\u062a \u0625\u0644\u0649 \u03a612-50 \u0645\u0645 \u0648\u062a\u062f\u0639\u0645 \u0643\u0644\u0627\u064b \u0645\u0646 \u0645\u0639\u0627\u0644\u062c\u0629 \u0627\u0644\u062e\u064a\u0648\u0637 \u0627\u0644\u0645\u0644\u0648\u0644\u0628\u0629 \u0627\u0644\u064a\u0645\u0646\u0649 \u0648\u0627\u0644\u064a\u0633\u0631\u0649.<\/p>\n<h2><strong>\u0645\u0628\u062f\u0623 \u0639\u0645\u0644 \u0645\u0627\u0643\u064a\u0646\u0629 \u0644\u0641 \u0627\u0644\u062e\u064a\u0648\u0637<\/strong><\/h2>\n<p><strong>\u0627\u0644\u0645\u0643\u0648\u0646\u0627\u062a \u0627\u0644\u0623\u0633\u0627\u0633\u064a\u0629:<\/strong> \u0645\u062d\u0645\u0644\u060c \u0639\u0644\u0628\u0629 \u062a\u0631\u0648\u0633\u060c \u0645\u062d\u0631\u0643\u060c \u062a\u0631\u0633\u060c \u0645\u0636\u062e\u0629<br \/>\n<strong>\u0627\u0644\u0637\u0627\u0642\u0629:<\/strong> 7.5 \u0643\u064a\u0644\u0648 \u0648\u0627\u062a<br \/>\n<strong>\u0627\u0644\u0641\u0648\u0644\u062a\u064a\u0629:<\/strong> 380 \u0641\u0648\u0644\u062a \/ 50 \u0647\u0631\u062a\u0632<br \/>\n<strong>\u0627\u0644\u0623\u0628\u0639\u0627\u062f<\/strong> (\u0627\u0644\u0637\u0648\u0644 \u00d7 \u0627\u0644\u0639\u0631\u0636 \u00d7 \u0627\u0644\u0627\u0631\u062a\u0641\u0627\u0639): 1250 \u00d7 700 \u00d7 1100 \u00d7 1100 \u0645\u0645<\/p>\n<p>1.<strong> \u0622\u0644\u064a\u0629 \u062a\u0634\u0628\u064a\u0643 \u0639\u0645\u0648\u062f \u0627\u0644\u062a\u0633\u0644\u064a\u062d<\/strong><br \/>\n\u064a\u062a\u0645 \u062a\u062d\u0642\u064a\u0642 \u062a\u0634\u0628\u064a\u0643 \u0642\u0636\u0628\u0627\u0646 \u0627\u0644\u062a\u0633\u0644\u064a\u062d \u0645\u0646 \u062e\u0644\u0627\u0644 \u0622\u0644\u064a\u0629 \u0630\u0627\u062a\u064a\u0629 \u0627\u0644\u062a\u0645\u0631\u0643\u0632\u060c \u062d\u064a\u062b \u064a\u0624\u062f\u064a \u062f\u0648\u0631\u0627\u0646 \u0639\u0645\u0648\u062f \u0644\u0648\u0644\u0628\u064a \u0645\u0632\u062f\u0648\u062c \u0627\u0644\u062e\u064a\u0648\u0637 \u0625\u0644\u0649 \u0627\u0646\u0632\u0644\u0627\u0642 \u0641\u0643\u064a \u0627\u0644\u062a\u0634\u0628\u064a\u0643.<\/p>\n<p>2. <strong>\u0645\u0639\u0627\u0644\u062c\u0629 \u0627\u0644\u0631\u0623\u0633 \u0627\u0644\u0645\u0644\u0648\u0644\u0628<\/strong><br \/>\n\u0645\u0639 \u062a\u0634\u0628\u064a\u0643 \u062d\u062f\u064a\u062f \u0627\u0644\u062a\u0633\u0644\u064a\u062d\u060c \u064a\u062f\u0648\u0631 \u0642\u0627\u0644\u0628 \u062f\u062d\u0631\u062c\u0629 \u0627\u0644\u0644\u0648\u0644\u0628\u0629 \u0648\u064a\u0642\u0648\u0645 \u0628\u0627\u0644\u062a\u063a\u0630\u064a\u0629 \u0627\u0644\u0645\u062d\u0648\u0631\u064a\u0629 \u0644\u0625\u0643\u0645\u0627\u0644 \u062a\u0634\u0643\u064a\u0644 \u0627\u0644\u0644\u0648\u0644\u0628\u0629. \u064a\u062a\u0645 \u062a\u0634\u063a\u064a\u0644 \u062f\u0648\u0631\u0627\u0646 \u0627\u0644\u0642\u0627\u0644\u0628 \u0628\u0648\u0627\u0633\u0637\u0629 \u0627\u0644\u0645\u062d\u0631\u0643 \u0627\u0644\u0631\u0626\u064a\u0633\u064a \u0639\u0646 \u0637\u0631\u064a\u0642 \u0639\u0644\u0628\u0629 \u062a\u0631\u0648\u0633 \u062a\u062e\u0641\u064a\u0636 \u0627\u0644\u0633\u0631\u0639\u0629 \u0628\u0645\u0639\u062f\u0644 50 \u062f\u0648\u0631\u0629 \u0641\u064a \u0627\u0644\u062f\u0642\u064a\u0642\u0629. \u064a\u062a\u0645 \u062a\u062d\u0642\u064a\u0642 \u0627\u0644\u062a\u063a\u0630\u064a\u0629 \u0639\u0646 \u0637\u0631\u064a\u0642 \u0642\u064a\u0627\u0645 \u0627\u0644\u0645\u0634\u063a\u0644 \u0628\u062a\u0634\u063a\u064a\u0644 \u0645\u0642\u0628\u0636\u060c \u0648\u0627\u0644\u0630\u064a \u064a\u0642\u0648\u0645 \u0628\u062a\u0634\u063a\u064a\u0644 \u0622\u0644\u064a\u0629 \u0631\u0641 \u0648\u062c\u0646\u0627\u062d \u0644\u062f\u0641\u0639 \u0639\u0644\u0628\u0629 \u062a\u0631\u0648\u0633 \u0627\u0644\u0627\u062e\u062a\u0632\u0627\u0644 \u0648\u0642\u0648\u0627\u0644\u0628 \u062f\u0631\u0641\u0644\u0629 \u0627\u0644\u0644\u0648\u0644\u0628\u0629 \u0639\u0644\u0649 \u0637\u0648\u0644 \u0627\u0644\u0642\u0636\u064a\u0628 \u0627\u0644\u0645\u0646\u0632\u0644\u0642.<\/p>\n<p>3. <strong>\u062e\u064a\u0637 \u0644\u0641 \u0627\u0644\u062e\u064a\u0648\u0637 \u064a\u0645\u0648\u062a<\/strong><br \/>\n\u062a\u062a\u0623\u0644\u0641 \u0639\u062c\u0644\u0627\u062a \u062f\u062d\u0631\u062c\u0629 \u0627\u0644\u062e\u064a\u0637 \u0645\u0646 \u062b\u0644\u0627\u062b\u0629 \u0645\u0643\u0648\u0646\u0627\u062a \u0642\u0627\u0628\u0644\u0629 \u0644\u0644\u062a\u0628\u062f\u064a\u0644\u060c \u0648\u062a\u0634\u0643\u0644 \u0627\u0644\u062e\u064a\u0637 \u0641\u064a \u0645\u0633\u0627\u0631 \u0648\u0627\u062d\u062f.<\/p>\n<p>4. <strong>\u0627\u0644\u062a\u063a\u0630\u064a\u0629 \u0648\u0627\u0644\u062a\u0631\u0627\u062c\u0639<\/strong><br \/>\n\u0642\u0645 \u0628\u062a\u0646\u0634\u064a\u0637 \u0645\u0641\u062a\u0627\u062d \u0627\u0644\u0645\u062d\u0631\u0643 \u0627\u0644\u0631\u0626\u064a\u0633\u064a \u0644\u062a\u0634\u063a\u064a\u0644 \u0639\u0644\u0628\u0629 \u062a\u0631\u0648\u0633 \u0627\u0644\u062a\u062e\u0641\u064a\u0636 \u0648\u0631\u0623\u0633 \u062f\u062d\u0631\u062c\u0629 \u0627\u0644\u0644\u0648\u0644\u0628\u0629. \u064a\u0642\u0648\u0645 \u0627\u0644\u0645\u0634\u063a\u0644 \u0628\u062f\u0641\u0639 \u0627\u0644\u0644\u0648\u0644\u0628\u0629 \u0639\u0628\u0631 \u0627\u0644\u0645\u0642\u0628\u0636. \u0639\u0646\u062f \u0627\u0643\u062a\u0645\u0627\u0644 \u0627\u0644\u0644\u0648\u0644\u0628\u0629\u060c \u062a\u0636\u063a\u0637 \u0644\u0648\u062d\u0629 \u0645\u0641\u062a\u0627\u062d \u0627\u0644\u062d\u062f \u0639\u0644\u0649 \u0632\u0631 \u0645\u0641\u062a\u0627\u062d \u0627\u0644\u062d\u062f. \u0628\u0639\u062f \u062a\u0623\u062e\u064a\u0631\u060c \u062a\u0639\u0648\u062f \u0627\u0644\u0645\u0627\u0643\u064a\u0646\u0629 \u0625\u0644\u0649 \u0648\u0636\u0639 \u0627\u0644\u0628\u062f\u0627\u064a\u0629 \u0648\u062a\u062a\u0648\u0642\u0641 \u062a\u0644\u0642\u0627\u0626\u064a\u064b\u0627.<\/p>\n<h2>\u0643\u064a\u0641\u064a\u0629 \u0627\u0633\u062a\u062e\u062f\u0627\u0645 \u0645\u0627\u0643\u064a\u0646\u0629 \u0644\u0641 \u062e\u064a\u0648\u0637 \u062d\u062f\u064a\u062f \u0627\u0644\u062a\u0633\u0644\u064a\u062d \u0627\u0644\u062c\u062f\u064a\u062f\u0629<\/h2>\n<div class=\"mceTemp\"><\/div>\n<p>&nbsp;<\/p>\n<p>1. \u0623\u0648\u0644\u0627\u064b\u060c \u0642\u0645 \u0628\u062a\u0648\u0635\u064a\u0644 \u0645\u0635\u062f\u0631 \u0627\u0644\u0637\u0627\u0642\u0629. \u0633\u0648\u0641 \u062a\u062a\u0631\u0627\u062c\u0639 \u0627\u0644\u0645\u0627\u0643\u064a\u0646\u0629 \u0641\u064a \u0627\u0644\u0628\u062f\u0627\u064a\u0629 \u0625\u0644\u0649 \u0623\u062f\u0646\u0649 \u0645\u0648\u0636\u0639 \u0644\u0647\u0627 \u0642\u0628\u0644 \u0623\u0646 \u062a\u062a\u0642\u062f\u0645 \u0625\u0644\u0649 \u0627\u0644\u0623\u0645\u0627\u0645. \u0628\u0645\u062c\u0631\u062f \u0645\u0633\u062d \u0645\u0641\u062a\u0627\u062d \u062d\u062f \u0627\u0644\u0628\u062f\u0621\u060c \u064a\u0628\u062f\u0623 \u0631\u0623\u0633 \u0627\u0644\u0642\u0637\u0639 \u0641\u064a \u0627\u0644\u062f\u0648\u0631\u0627\u0646.<\/p>\n<p>2. \u062b\u0628\u0650\u0651\u062a \u062d\u062f\u064a\u062f \u0627\u0644\u062a\u0633\u0644\u064a\u062d \u0628\u0625\u062d\u0643\u0627\u0645 \u0641\u064a \u0627\u0644\u0645\u0646\u062c\u0644\u0629. \u0636\u0639 \u0639\u0645\u0648\u062f \u0627\u0644\u062a\u0633\u0644\u064a\u062d \u0641\u064a \u0648\u0636\u0639 \u0645\u0633\u062a\u0648\u064d \u0645\u0639 \u0631\u0623\u0633 \u0627\u0644\u0642\u0637\u0639 \u0641\u064a \u0645\u0646\u0634\u0627\u0631 \u0627\u0644\u0642\u0637\u0639 \u0639\u0644\u0649 \u0627\u0644\u0628\u0627\u0631\u062f. \u0623\u062f\u0650\u0631 \u0627\u0644\u0645\u0642\u0628\u0636. \u064a\u062f\u0648\u0631 \u0627\u0644\u0631\u0623\u0633 \u0644\u0644\u0623\u0645\u0627\u0645\u060c \u0623\u0648\u0644\u0627\u064b \u0628\u0627\u0633\u062a\u062e\u062f\u0627\u0645 \u0634\u0641\u0631\u0629 \u0625\u0632\u0627\u0644\u0629 \u0627\u0644\u0623\u0632\u064a\u0632 \u0644\u0625\u0632\u0627\u0644\u0629 \u0627\u0644\u0623\u0636\u0644\u0627\u0639 \u0627\u0644\u0639\u0631\u0636\u064a\u0629 \u0648\u0627\u0644\u0637\u0648\u0644\u064a\u0629 \u0645\u0646 \u062d\u062f\u064a\u062f \u0627\u0644\u062a\u0633\u0644\u064a\u062d. \u0628\u0639\u062f \u0630\u0644\u0643\u060c \u064a\u0641\u062a\u062d \u0642\u0631\u0635 \u0625\u0632\u0627\u0644\u0629 \u0627\u0644\u0623\u0632\u064a\u0632\u060c \u0644\u062a\u0646\u062a\u0647\u064a \u0639\u0645\u0644\u064a\u0629 \u0625\u0632\u0627\u0644\u0629 \u0627\u0644\u0623\u0632\u064a\u0632.<\/p>\n<p>3. \u0627\u0633\u062a\u0645\u0631 \u0641\u064a \u062a\u062f\u0648\u064a\u0631 \u0627\u0644\u0645\u0642\u0628\u0636 \u0644\u0631\u0628\u0637 \u0639\u0645\u0648\u062f \u0627\u0644\u062a\u0633\u0644\u064a\u062d. \u0639\u0646\u062f \u0647\u0630\u0647 \u0627\u0644\u0646\u0642\u0637\u0629\u060c \u064a\u062a\u0642\u062f\u0645 \u0627\u0644\u0631\u0623\u0633 \u062a\u0644\u0642\u0627\u0626\u064a\u064b\u0627 \u0625\u0644\u0649 \u0627\u0644\u0623\u0645\u0627\u0645. \u0644\u0627 \u062d\u0627\u062c\u0629 \u0644\u0645\u0632\u064a\u062f \u0645\u0646 \u0627\u0644\u062a\u062f\u0648\u064a\u0631. \u0639\u0646\u062f \u0645\u0644\u0627\u0645\u0633\u0629 \u0645\u0641\u062a\u0627\u062d \u0627\u0644\u062d\u062f\u060c \u064a\u0639\u0643\u0633 \u0627\u0644\u0631\u0623\u0633 \u0627\u0644\u0627\u062a\u062c\u0627\u0647 \u0648\u064a\u062a\u0631\u0627\u062c\u0639 \u0644\u0644\u062e\u0644\u0641. \u0623\u062e\u064a\u0631\u064b\u0627\u060c \u0627\u0641\u062d\u0635 \u062d\u0627\u0644\u0629 \u0627\u0644\u062e\u064a\u0637\u061b \u064a\u062c\u0628 \u0623\u0646 \u064a\u0628\u062f\u0648 \u0627\u0644\u0637\u0631\u0641 \u0627\u0644\u0645\u0644\u0648\u0644\u0628 \u0645\u0645\u062a\u0644\u0626\u064b\u0627 \u0648\u0633\u0644\u0633\u064b\u0627.<\/p>\n<p>&nbsp;<\/p>\n<figure id=\"attachment_1745\" aria-describedby=\"caption-attachment-1745\" style=\"width: 780px\" class=\"wp-caption aligncenter\"><img fetchpriority=\"high\" decoding=\"async\" class=\"wp-image-1745\" src=\"https:\/\/rebarcouplerpro.com\/wp-content\/uploads\/2025\/08\/Steel-Rebar-Thread-Rolling-Machine-processing-effect.webp\" alt=\"\u0645\u0627\u0643\u064a\u0646\u0629 \u062f\u0631\u0641\u0644\u0629 \u062e\u064a\u0648\u0637 \u062d\u062f\u064a\u062f \u0627\u0644\u062a\u0633\u0644\u064a\u062d \u0627\u0644\u0635\u0644\u0628 - \u062a\u0623\u062b\u064a\u0631 \u0627\u0644\u0645\u0639\u0627\u0644\u062c\u0629\" width=\"780\" height=\"439\" srcset=\"https:\/\/rebarcouplerpro.com\/wp-content\/uploads\/2025\/08\/Steel-Rebar-Thread-Rolling-Machine-processing-effect.webp 1200w, https:\/\/rebarcouplerpro.com\/wp-content\/uploads\/2025\/08\/Steel-Rebar-Thread-Rolling-Machine-processing-effect-300x169.webp 300w, https:\/\/rebarcouplerpro.com\/wp-content\/uploads\/2025\/08\/Steel-Rebar-Thread-Rolling-Machine-processing-effect-1024x576.webp 1024w, https:\/\/rebarcouplerpro.com\/wp-content\/uploads\/2025\/08\/Steel-Rebar-Thread-Rolling-Machine-processing-effect-768x432.webp 768w, https:\/\/rebarcouplerpro.com\/wp-content\/uploads\/2025\/08\/Steel-Rebar-Thread-Rolling-Machine-processing-effect-600x338.webp 600w\" sizes=\"(max-width: 780px) 100vw, 780px\" \/><figcaption id=\"caption-attachment-1745\" class=\"wp-caption-text\">\u00a0 \u00a0 \u00a0 \u00a0 \u00a0 \u00a0 \u00a0 \u00a0 \u00a0 \u00a0 \u00a0 \u00a0 \u00a0 \u00a0 \u00a0 \u00a0 \u00a0 \u00a0 \u00a0 \u00a0\u0627\u0644\u062e\u064a\u0648\u0637 \u0627\u0644\u062a\u064a \u062a\u0646\u062a\u062c\u0647\u0627 \u0645\u0627\u0643\u064a\u0646\u0629 \u062f\u0631\u0641\u0644\u0629 \u062e\u064a\u0648\u0637 \u062d\u062f\u064a\u062f \u0627\u0644\u062a\u0633\u0644\u064a\u062d HGS-50<\/figcaption><\/figure>\n<p>&nbsp;<\/p>\n<p><img decoding=\"async\" class=\"wp-image-1743 aligncenter\" src=\"https:\/\/rebarcouplerpro.com\/wp-content\/uploads\/2025\/08\/Steel-Rebar-Thread-Rolling-Machine-product-processing-effect.webp\" alt=\"\u0622\u0644\u0629 \u062f\u0631\u0641\u0644\u0629 \u062e\u064a\u0648\u0637 \u062d\u062f\u064a\u062f \u0627\u0644\u062a\u0633\u0644\u064a\u062d \u0627\u0644\u0641\u0648\u0644\u0627\u0630\u064a\u0629 - \u062a\u0623\u062b\u064a\u0631 \u0645\u0639\u0627\u0644\u062c\u0629 \u0627\u0644\u0645\u0646\u062a\u062c\" width=\"780\" height=\"672\" srcset=\"https:\/\/rebarcouplerpro.com\/wp-content\/uploads\/2025\/08\/Steel-Rebar-Thread-Rolling-Machine-product-processing-effect.webp 1474w, https:\/\/rebarcouplerpro.com\/wp-content\/uploads\/2025\/08\/Steel-Rebar-Thread-Rolling-Machine-product-processing-effect-300x258.webp 300w, https:\/\/rebarcouplerpro.com\/wp-content\/uploads\/2025\/08\/Steel-Rebar-Thread-Rolling-Machine-product-processing-effect-1024x882.webp 1024w, https:\/\/rebarcouplerpro.com\/wp-content\/uploads\/2025\/08\/Steel-Rebar-Thread-Rolling-Machine-product-processing-effect-768x662.webp 768w, https:\/\/rebarcouplerpro.com\/wp-content\/uploads\/2025\/08\/Steel-Rebar-Thread-Rolling-Machine-product-processing-effect-600x517.webp 600w\" sizes=\"(max-width: 780px) 100vw, 780px\" \/><\/p>\n<h2>\u0627\u062d\u062a\u064a\u0627\u0637\u0627\u062a \u062a\u0634\u063a\u064a\u0644 \u0645\u0627\u0643\u064a\u0646\u0629 \u062f\u0631\u0641\u0644\u0629 \u062e\u064a\u0648\u0637 \u062d\u062f\u064a\u062f \u0627\u0644\u062a\u0633\u0644\u064a\u062d HGS-50:<\/h2>\n<p>1. \u0623\u062b\u0646\u0627\u0621 \u0639\u0645\u0644\u064a\u0627\u062a \u0627\u0644\u062f\u0631\u0641\u0644\u0629\u060c \u064a\u062c\u0628 \u0627\u0633\u062a\u062e\u062f\u0627\u0645 \u0633\u0627\u0626\u0644 \u0627\u0644\u0642\u0637\u0639 \u0627\u0644\u0642\u0627\u0628\u0644 \u0644\u0644\u0630\u0648\u0628\u0627\u0646 \u0641\u064a \u0627\u0644\u0645\u0627\u0621 \u0644\u0644\u062a\u0628\u0631\u064a\u062f \u0648\u0627\u0644\u062a\u0634\u062d\u064a\u0645. \u0639\u0646\u062f\u0645\u0627 \u062a\u0642\u0644 \u062f\u0631\u062c\u0627\u062a \u0627\u0644\u062d\u0631\u0627\u0631\u0629 \u0639\u0646 0 \u062f\u0631\u062c\u0629 \u0645\u0626\u0648\u064a\u0629\u060c \u0623\u0636\u0641 20%-30% <a href=\"https:\/\/en.wikipedia.org\/wiki\/Sodium_nitrite\" target=\"_blank\" rel=\"noopener\">\u0645\u062d\u0644\u0648\u0644 \u0646\u062a\u0631\u064a\u062a \u0627\u0644\u0635\u0648\u062f\u064a\u0648\u0645<\/a>. \u0644\u0627 \u064a\u0646\u0628\u063a\u064a \u062a\u062d\u062a \u0623\u064a \u0638\u0631\u0641 \u0645\u0646 \u0627\u0644\u0638\u0631\u0648\u0641 \u0627\u0633\u062a\u0628\u062f\u0627\u0644 \u0627\u0644\u0632\u064a\u062a \u0628\u0633\u0627\u0626\u0644 \u0627\u0644\u0642\u0637\u0639 \u0623\u0648 \u062d\u0630\u0641\u0647 \u0645\u0646\u0647.<br \/>\n2. \u0636\u0645\u0627\u0646 \u062d\u0645\u0627\u064a\u0629 \u0627\u0644\u062a\u0623\u0631\u064a\u0636 \u0627\u0644\u0645\u0646\u0627\u0633\u0628\u0629 \u0644\u062d\u0645\u0627\u064a\u0629 \u0627\u0644\u0623\u0641\u0631\u0627\u062f.<br \/>\n3. \u0646\u0638\u0641 \u062e\u0632\u0627\u0646 \u0633\u0627\u0626\u0644 \u0627\u0644\u062a\u0628\u0631\u064a\u062f \u0648\u0627\u0633\u062a\u0628\u062f\u0644 \u0633\u0627\u0626\u0644 \u0627\u0644\u062a\u0628\u0631\u064a\u062f \u0643\u0644 15 \u064a\u0648\u0645\u0627\u064b \u0645\u0646 \u0627\u0644\u062a\u0634\u063a\u064a\u0644 \u0627\u0644\u0639\u0627\u062f\u064a.<br \/>\n4. \u0642\u0645 \u0628\u062a\u0634\u062d\u064a\u0645 \u0645\u062e\u0641\u0636 \u0627\u0644\u062a\u0631\u0648\u0633 \u0628\u0627\u0646\u062a\u0638\u0627\u0645\u060c \u0645\u0639 \u0627\u0644\u062d\u0641\u0627\u0638 \u0639\u0644\u0649 \u0645\u0633\u062a\u0648\u0649 \u0627\u0644\u0632\u064a\u062a \u0627\u0644\u0645\u062d\u062f\u062f.<br \/>\n5. \u062a\u0623\u0643\u062f \u0645\u0646 \u0627\u0633\u062a\u0642\u0631\u0627\u0631 \u0627\u0644\u0645\u0627\u0643\u064a\u0646\u0629 \u0642\u0628\u0644 \u0627\u0644\u0645\u0639\u0627\u0644\u062c\u0629.<br \/>\n6. \u062a\u0648\u0636\u0639 \u0643\u0645\u064a\u0629 \u0635\u063a\u064a\u0631\u0629 \u0645\u0646 \u0632\u064a\u062a \u0627\u0644\u0645\u0627\u0643\u064a\u0646\u0629 \u0639\u0646\u062f \u0627\u0644\u0627\u0633\u062a\u0628\u062f\u0627\u0644. <a href=\"https:\/\/rebarcouplerpro.com\/ar\/high-strength-thread-rolling-wheel\/\" target=\"_blank\" rel=\"noopener\">\u0639\u062c\u0644\u0629 \u062f\u062d\u0631\u062c\u0629 \u0627\u0644\u062e\u064a\u0637<\/a>.<br \/>\n7. \u0641\u064a \u062d\u0627\u0644\u0629 \u062d\u062f\u0648\u062b \u062e\u0644\u0644 \u0623\u062b\u0646\u0627\u0621 \u0627\u0644\u062a\u0634\u063a\u064a\u0644\u060c \u0623\u0648\u0642\u0641 \u0627\u0644\u0645\u0627\u0643\u064a\u0646\u0629 \u0639\u0644\u0649 \u0627\u0644\u0641\u0648\u0631 \u0644\u0644\u0641\u062d\u0635. \u0644\u0627 \u062a\u0633\u062a\u0623\u0646\u0641 \u0627\u0644\u0645\u0639\u0627\u0644\u062c\u0629 \u0625\u0644\u0627 \u0628\u0639\u062f \u0627\u0633\u062a\u0643\u0634\u0627\u0641 \u0627\u0644\u0623\u062e\u0637\u0627\u0621 \u0648\u0625\u0635\u0644\u0627\u062d\u0647\u0627.<br \/>\n8. \u0642\u0645 \u0628\u0625\u064a\u0642\u0627\u0641 \u062a\u0634\u063a\u064a\u0644 \u0645\u0635\u062f\u0631 \u0627\u0644\u0637\u0627\u0642\u0629 \u0627\u0644\u0631\u0626\u064a\u0633\u064a \u0642\u0628\u0644 \u0628\u062f\u0621 \u0627\u0644\u062a\u0634\u063a\u064a\u0644 \u0623\u0648 \u062a\u063a\u064a\u064a\u0631 \u0642\u0648\u0627\u0644\u0628 \u0627\u0644\u062e\u064a\u0648\u0637.<br \/>\n9. \u0639\u0646\u062f \u062b\u0646\u064a \u0642\u0636\u0628\u0627\u0646 \u0627\u0644\u062a\u0633\u0644\u064a\u062d\u060c \u062a\u0639\u0627\u0644\u062c \u0627\u0644\u0623\u0637\u0631\u0627\u0641 \u0627\u0644\u0645\u0644\u0648\u0644\u0628\u0629 \u0623\u0648\u0644\u0627\u064b \u0642\u0628\u0644 \u0627\u0644\u062b\u0646\u064a.<br \/>\n10. \u0628\u0639\u062f \u0645\u0639\u0627\u0644\u062c\u0629 \u0643\u0644\u0627 \u0637\u0631\u0641\u064a \u0642\u0636\u064a\u0628 \u0627\u0644\u062a\u0633\u0644\u064a\u062d\u060c \u064a\u0632\u0648\u062f \u0623\u062d\u062f \u0637\u0631\u0641\u064a\u0647 \u0628\u0640 <a href=\"https:\/\/rebarcouplerpro.com\/ar\/straight-threaded-rebar-coupler\/\" target=\"_blank\" rel=\"noopener\">\u0645\u0642\u0631\u0646\u0629 \u062d\u062f\u064a\u062f \u0627\u0644\u062a\u0633\u0644\u064a\u062d \u0627\u0644\u0645\u0644\u0648\u0644\u0628\u0629 \u0627\u0644\u0645\u0633\u062a\u0642\u064a\u0645\u0629<\/a>, \u0628\u064a\u0646\u0645\u0627 \u064a\u062c\u0628 \u0623\u0646 \u064a\u0643\u0648\u0646 \u0627\u0644\u0637\u0631\u0641 \u0627\u0644\u0622\u062e\u0631 \u0645\u0632\u0648\u062f\u064b\u0627 \u0628\u063a\u0637\u0627\u0621 \u0648\u0627\u0642\u064a \u0644\u0645\u0646\u0639 \u062a\u0644\u0641 \u0627\u0644\u0623\u0637\u0631\u0627\u0641 \u0627\u0644\u0645\u0644\u0648\u0644\u0628\u0629 \u0623\u062b\u0646\u0627\u0621 \u0627\u0644\u0645\u0646\u0627\u0648\u0644\u0629.<br \/>\n11. \u062a\u064f\u0631\u0641\u0636 \u0627\u0644\u0623\u0637\u0631\u0627\u0641 \u0627\u0644\u0645\u0644\u0648\u0644\u0628\u0629 \u063a\u064a\u0631 \u0627\u0644\u0645\u0633\u062a\u0648\u0641\u064a\u0629 \u0644\u0644\u0645\u0639\u0627\u064a\u064a\u0631 \u0628\u0642\u0637\u0639\u0647\u0627 \u0648\u0625\u0639\u0627\u062f\u0629 \u062e\u064a\u0627\u0637\u062a\u0647\u0627.<\/p>\n<h2>\u0634\u0647\u0627\u062f\u0629 \u0627\u0644\u0645\u0646\u062a\u062c<\/h2>\n<p><img decoding=\"async\" class=\"size-full wp-image-1755 aligncenter\" src=\"https:\/\/rebarcouplerpro.com\/wp-content\/uploads\/2025\/08\/Rebar-Thread-Rolling-Machine-product-Certifications.avif\" alt=\"\u0634\u0647\u0627\u062f\u0627\u062a \u0627\u0639\u062a\u0645\u0627\u062f \u0645\u0646\u062a\u062c \u0645\u0627\u0643\u064a\u0646\u0629 \u062f\u0631\u0641\u0644\u0629 \u062e\u064a\u0648\u0637 \u062d\u062f\u064a\u062f \u0627\u0644\u062a\u0633\u0644\u064a\u062d\" width=\"750\" height=\"613\" srcset=\"https:\/\/rebarcouplerpro.com\/wp-content\/uploads\/2025\/08\/Rebar-Thread-Rolling-Machine-product-Certifications.avif 750w, https:\/\/rebarcouplerpro.com\/wp-content\/uploads\/2025\/08\/Rebar-Thread-Rolling-Machine-product-Certifications-300x245.avif 300w, https:\/\/rebarcouplerpro.com\/wp-content\/uploads\/2025\/08\/Rebar-Thread-Rolling-Machine-product-Certifications-600x490.avif 600w\" sizes=\"(max-width: 750px) 100vw, 750px\" \/><\/p>\n<h2>\u0627\u0644\u062a\u0639\u0628\u0626\u0629 \u0648\u0627\u0644\u062a\u063a\u0644\u064a\u0641 \u0648\u0627\u0644\u062e\u062f\u0645\u0627\u062a \u0627\u0644\u0644\u0648\u062c\u0633\u062a\u064a\u0629<br \/>\n<img loading=\"lazy\" decoding=\"async\" class=\"aligncenter wp-image-1756\" src=\"https:\/\/rebarcouplerpro.com\/wp-content\/uploads\/2025\/08\/HGS-50-Rebar-Thread-Rolling-Machine-Packaging-and-Logistics.webp\" alt=\"\u0645\u0627\u0643\u064a\u0646\u0629 \u062f\u0631\u0641\u0644\u0629 \u062e\u064a\u0648\u0637 \u062d\u062f\u064a\u062f \u0627\u0644\u062a\u0633\u0644\u064a\u062d HGS-50 \u0627\u0644\u062a\u0639\u0628\u0626\u0629 \u0648\u0627\u0644\u062a\u063a\u0644\u064a\u0641 \u0648\u0627\u0644\u062e\u062f\u0645\u0627\u062a \u0627\u0644\u0644\u0648\u062c\u0633\u062a\u064a\u0629\" width=\"780\" height=\"763\" srcset=\"https:\/\/rebarcouplerpro.com\/wp-content\/uploads\/2025\/08\/HGS-50-Rebar-Thread-Rolling-Machine-Packaging-and-Logistics.webp 1266w, https:\/\/rebarcouplerpro.com\/wp-content\/uploads\/2025\/08\/HGS-50-Rebar-Thread-Rolling-Machine-Packaging-and-Logistics-300x293.webp 300w, https:\/\/rebarcouplerpro.com\/wp-content\/uploads\/2025\/08\/HGS-50-Rebar-Thread-Rolling-Machine-Packaging-and-Logistics-1024x1001.webp 1024w, https:\/\/rebarcouplerpro.com\/wp-content\/uploads\/2025\/08\/HGS-50-Rebar-Thread-Rolling-Machine-Packaging-and-Logistics-768x751.webp 768w, https:\/\/rebarcouplerpro.com\/wp-content\/uploads\/2025\/08\/HGS-50-Rebar-Thread-Rolling-Machine-Packaging-and-Logistics-600x587.webp 600w\" sizes=\"(max-width: 780px) 100vw, 780px\" \/><\/h2>","protected":false},"excerpt":{"rendered":"<p><strong>\u0642\u062f\u0631\u0629 \u0645\u0639\u0627\u0644\u062c\u0629 \u0642\u0648\u064a\u0629:<\/strong> \u0642\u0627\u062f\u0631\u0629 \u0639\u0644\u0649 \u0627\u0644\u062a\u0639\u0627\u0645\u0644 \u0645\u0639 \u0642\u0636\u0628\u0627\u0646 \u0627\u0644\u062a\u0633\u0644\u064a\u062d \u0627\u0644\u062a\u064a \u064a\u062a\u0631\u0627\u0648\u062d \u0642\u0637\u0631\u0647\u0627 \u0645\u0646 16 \u0645\u0645 \u062a\u0642\u0631\u064a\u0628\u064b\u0627 \u0625\u0644\u0649 50 \u0645\u0645\u060c \u0648\u0647\u064a \u0645\u0635\u0645\u0645\u0629 \u062e\u0635\u064a\u0635\u064b\u0627 \u0644\u0645\u0639\u0627\u0644\u062c\u0629 \u0642\u0636\u0628\u0627\u0646 \u0627\u0644\u0635\u0644\u0628 \u0627\u0644\u0645\u0644\u0648\u0644\u0628\u0629 \u0639\u0627\u0644\u064a\u0629 \u0627\u0644\u0642\u0648\u0629 \u0645\u062b\u0644 HRB400 \u0648HRB500;<\/p>\n<p><strong>\u0643\u0641\u0627\u0621\u0629 \u0639\u0627\u0644\u064a\u0629 \u0648\u0623\u062a\u0645\u062a\u0629 \u0639\u0627\u0644\u064a\u0629:<\/strong> \u062f\u062d\u0631\u062c\u0629 \u0627\u0644\u062e\u064a\u0648\u0637 \u0627\u0644\u0633\u0631\u064a\u0639\u0629 \u062a\u0643\u0645\u0644 \u0643\u0644 \u0648\u0635\u0644\u0629 \u0641\u064a \u0639\u0634\u0631 \u062b\u0648\u0627\u0646\u064d \u062a\u0642\u0631\u064a\u0628\u064b\u0627\u060c \u0645\u0645\u0627 \u064a\u0639\u0632\u0632 \u0627\u0644\u0625\u0646\u062a\u0627\u062c\u064a\u0629\u061b \u0643\u0645\u0627 \u0623\u0646 \u0627\u0644\u062a\u063a\u0630\u064a\u0629 \u0627\u0644\u062a\u0644\u0642\u0627\u0626\u064a\u0629 \u0644\u062d\u062f\u064a\u062f \u0627\u0644\u062a\u0633\u0644\u064a\u062d \u0648\u0633\u062d\u0628\u0647\u0627 \u064a\u0642\u0644\u0644 \u0645\u0646 \u0643\u062b\u0627\u0641\u0629 \u0627\u0644\u0639\u0645\u0627\u0644\u0629 \u0648\u0627\u0644\u062a\u0639\u0642\u064a\u062f \u0627\u0644\u062a\u0634\u063a\u064a\u0644\u064a;<\/p>\n<p><strong>\u062c\u0648\u062f\u0629 \u0645\u0639\u0627\u0644\u062c\u0629 \u0641\u0627\u0626\u0642\u0629:<\/strong> \u062a\u064f\u0646\u062a\u062c \u062e\u064a\u0648\u0637\u064b\u0627 \u0630\u0627\u062a \u062f\u0642\u0629 \u0639\u0627\u0644\u064a\u0629 \u0648\u0627\u062a\u0633\u0627\u0642 \u0645\u0645\u062a\u0627\u0632\u060c \u0648\u062a\u062c\u062a\u0627\u0632 \u0628\u0633\u0647\u0648\u0644\u0629 \u0639\u0645\u0644\u064a\u0627\u062a \u0641\u062d\u0635 \u0645\u0642\u064a\u0627\u0633 \u0633\u062f\u0627\u062f\u0629 \u0627\u0644\u062e\u064a\u0637 \u0648\u062a\u0641\u064a \u0628\u0627\u0644\u0645\u0639\u0627\u064a\u064a\u0631 \u0627\u0644\u062f\u0648\u0644\u064a\u0629.<\/p>","protected":false},"featured_media":1753,"template":"","meta":{"_kad_post_transparent":"default","_kad_post_title":"","_kad_post_layout":"default","_kad_post_sidebar_id":"","_kad_post_content_style":"default","_kad_post_vertical_padding":"default","_kad_post_feature":"","_kad_post_feature_position":"","_kad_post_header":false,"_kad_post_footer":false},"product_brand":[],"product_cat":[19],"product_tag":[],"class_list":{"0":"post-1203","1":"product","2":"type-product","3":"status-publish","4":"has-post-thumbnail","6":"product_cat-rebar-threading-machine","8":"first","9":"instock","10":"shipping-taxable","11":"product-type-simple","12":"entry","13":"content-bg","14":"loop-entry"},"_links":{"self":[{"href":"https:\/\/rebarcouplerpro.com\/ar\/wp-json\/wp\/v2\/product\/1203","targetHints":{"allow":["GET"]}}],"collection":[{"href":"https:\/\/rebarcouplerpro.com\/ar\/wp-json\/wp\/v2\/product"}],"about":[{"href":"https:\/\/rebarcouplerpro.com\/ar\/wp-json\/wp\/v2\/types\/product"}],"wp:featuredmedia":[{"embeddable":true,"href":"https:\/\/rebarcouplerpro.com\/ar\/wp-json\/wp\/v2\/media\/1753"}],"wp:attachment":[{"href":"https:\/\/rebarcouplerpro.com\/ar\/wp-json\/wp\/v2\/media?parent=1203"}],"wp:term":[{"taxonomy":"product_brand","embeddable":true,"href":"https:\/\/rebarcouplerpro.com\/ar\/wp-json\/wp\/v2\/product_brand?post=1203"},{"taxonomy":"product_cat","embeddable":true,"href":"https:\/\/rebarcouplerpro.com\/ar\/wp-json\/wp\/v2\/product_cat?post=1203"},{"taxonomy":"product_tag","embeddable":true,"href":"https:\/\/rebarcouplerpro.com\/ar\/wp-json\/wp\/v2\/product_tag?post=1203"}],"curies":[{"name":"wp","href":"https:\/\/api.w.org\/{rel}","templated":true}]}}